{"id":5811,"date":"2025-11-12T10:23:28","date_gmt":"2025-11-12T10:23:28","guid":{"rendered":"https:\/\/ethosceramics.com\/?post_type=product&#038;p=5811"},"modified":"2025-11-12T10:23:58","modified_gmt":"2025-11-12T10:23:58","slug":"basiscursus-prive","status":"publish","type":"product","link":"https:\/\/ethosceramics.com\/nl\/shop\/basiscursus-prive\/","title":{"rendered":"basiscursus &#8211; priv\u00e9"},"content":{"rendered":"<p>Let op : Dit product kan\/mag enkel aangekocht worden na overleg. Indien u een workshop op maat wil boeken dient u eerst contact met ons op te nemen. Van zodra we een datum en tijdstip overeengekomen zijn, verwijzen wij u door naar deze pagina waar u de reservatie kan bevestigen en betalen.<\/p>\n<p>&nbsp;<\/p>\n<h3>workshop details<\/h3>\n<p>In deze basiscursus pottenbakken leer je de basis van het pottenbakken aan de draaischijf.<\/p>\n<p>De cursus is opgedeeld in vier sessies.<\/p>\n<ol>\n<li>Introductie\n<ul>\n<li>voorbereiding klei<\/li>\n<li>centreren<\/li>\n<li>cilinders vormen<\/li>\n<\/ul>\n<\/li>\n<li>Draaien\n<ul>\n<li>voortzetting van de vorige sessie<\/li>\n<li>draaien van je favoriete stukken<\/li>\n<\/ul>\n<\/li>\n<li>Afdraaien\n<ul>\n<li>bereid je potjes voor op de eerste bak<\/li>\n<li>een handvat toevoegen<\/li>\n<\/ul>\n<\/li>\n<li>Glazuren\n<ul>\n<li>bereid je biscuit-potten voor op glazuren<\/li>\n<li>je potten glazuren<\/li>\n<\/ul>\n<\/li>\n<\/ol>\n<h4>wat is inbegrepen ?<\/h4>\n<ul>\n<li>Gebruik van de studio en alle materiaal gedurende de duur van de workshop<\/li>\n<li>klei a volont\u00e9<\/li>\n<li>je creaties bakken \u2013 1kg inbegrepen (extra aan 11\u20ac\/kg)<\/li>\n<li>glazuur<\/li>\n<li>koffie, thee, water<\/li>\n<\/ul>\n<p>Na afronding van deze workshop kom je in aanmerking voor ons open atelier programma. Meer info volgt tijdens de workshop.<\/p>\n<h4>enkele tips:<\/h4>\n<ul>\n<li>Draag gemakkelijke kleding (en schoenen) die vuil mag worden. De klei die we gebruiken laat meestal geen vlekken achter na het wassen, maar je weet maar nooit.<\/li>\n<li>Een schort kan ook handig zijn om je kleding schoon te houden.<\/li>\n<li><strong>Knip indien mogelijk je nagels kort.<\/strong>\n<ul>\n<li>Pottenbakken is werken met je handen. Lange nagels zullen waarschijnlijk voor frustratie zorgen!<\/li>\n<\/ul>\n<\/li>\n<li>Houd je verwachtingen realistisch. Tijdens de workshop is het bv. onmogelijk om een servies voor zes personen af te werken. We raden mensen aan om zich te concentreren op plezier, het onder de knie krijgen van de basisprincipes van pottenbakken en je creaties als een pluspunt te zien.<\/li>\n<\/ul>\n<h4>extra informatie:<\/h4>\n<ul>\n<li>Workshops basiscursus pottenbakken worden gegeven in groepen van zes personen. Zo is er voldoende tijd om iedereen wat individuele hulp te bieden. Als je echter liever \u00e9\u00e9n op \u00e9\u00e9n les hebt, kan je beter een priv\u00e9sessie boeken.<\/li>\n<li>Zodra je je aankoop succesvol hebt afgerond, heb je recht op een plaats in die specifieke workshop.\n<ul>\n<li>Indien wij door onvoorziene omstandigheden genoodzaakt zijn een sessie of workshop te verplaatsen zijn er geen administratiekosten.<\/li>\n<li>Als een workshop niet doorgaat krijg je een waardebon waarmee je kan inschrijven op een toekomstige workshop.<\/li>\n<li>Gemiste sessies ongeacht de reden (ziekte, persoonlijke problemen, nalatigheid, \u2026) kunnen niet worden verplaatst of ingehaald. We begrijpen dat dit pijnlijk is, maar het is praktisch onmogelijk om dit op te lossen.<\/li>\n<\/ul>\n<\/li>\n<li>Het laatste half uur gebruiken we om het atelier terug op te kuisen.<\/li>\n<\/ul>\n","protected":false},"excerpt":{"rendered":"<p>Voor reservatie van reeds besproken basiscursus op maat.<\/p>\n<p>Selecteer het aantal personen.<\/p>\n","protected":false},"featured_media":1352,"template":"","meta":{"_coblocks_attr":"","_coblocks_dimensions":"","_coblocks_responsive_height":"","_coblocks_accordion_ie_support":""},"product_brand":[],"product_cat":[72,75],"product_tag":[],"class_list":{"0":"post-5811","1":"product","2":"type-product","3":"status-publish","4":"has-post-thumbnail","6":"product_cat-basiscursus","7":"product_cat-workshops-op-maat","9":"first","10":"instock","11":"virtual","12":"taxable","13":"purchasable","14":"product-type-simple"},"yoast_head":"<!-- This site is optimized with the Yoast SEO plugin v27.3 - https:\/\/yoast.com\/product\/yoast-seo-wordpress\/ -->\n<title>basiscursus - priv\u00e9 - ethos ceramics<\/title>\n<meta name=\"robots\" content=\"index, follow, max-snippet:-1, max-image-preview:large, max-video-preview:-1\" \/>\n<link rel=\"canonical\" href=\"https:\/\/ethosceramics.com\/nl\/shop\/basiscursus-prive\/\" \/>\n<meta property=\"og:locale\" content=\"nl_BE\" \/>\n<meta property=\"og:type\" content=\"article\" \/>\n<meta property=\"og:title\" content=\"basiscursus - priv\u00e9 - ethos ceramics\" \/>\n<meta property=\"og:description\" content=\"Voor reservatie van reeds besproken basiscursus op maat.  Selecteer het aantal personen.\" \/>\n<meta property=\"og:url\" content=\"https:\/\/ethosceramics.com\/nl\/shop\/basiscursus-prive\/\" \/>\n<meta property=\"og:site_name\" content=\"ethos ceramics\" \/>\n<meta property=\"article:modified_time\" content=\"2025-11-12T10:23:58+00:00\" \/>\n<meta property=\"og:image\" content=\"https:\/\/ethosceramics.com\/wp-content\/uploads\/2023\/09\/maatwerk.png\" \/>\n\t<meta property=\"og:image:width\" content=\"2917\" \/>\n\t<meta property=\"og:image:height\" content=\"2917\" \/>\n\t<meta property=\"og:image:type\" content=\"image\/png\" \/>\n<meta name=\"twitter:card\" content=\"summary_large_image\" \/>\n<meta name=\"twitter:label1\" content=\"Geschatte leestijd\" \/>\n\t<meta name=\"twitter:data1\" content=\"3 minuten\" \/>\n<script type=\"application\/ld+json\" class=\"yoast-schema-graph\">{\"@context\":\"https:\\\/\\\/schema.org\",\"@graph\":[{\"@type\":\"WebPage\",\"@id\":\"https:\\\/\\\/ethosceramics.com\\\/shop\\\/basiscursus-prive\\\/\",\"url\":\"https:\\\/\\\/ethosceramics.com\\\/shop\\\/basiscursus-prive\\\/\",\"name\":\"basiscursus - priv\u00e9 - ethos ceramics\",\"isPartOf\":{\"@id\":\"https:\\\/\\\/ethosceramics.com\\\/#website\"},\"primaryImageOfPage\":{\"@id\":\"https:\\\/\\\/ethosceramics.com\\\/shop\\\/basiscursus-prive\\\/#primaryimage\"},\"image\":{\"@id\":\"https:\\\/\\\/ethosceramics.com\\\/shop\\\/basiscursus-prive\\\/#primaryimage\"},\"thumbnailUrl\":\"https:\\\/\\\/ethosceramics.com\\\/wp-content\\\/uploads\\\/2023\\\/09\\\/maatwerk.png\",\"datePublished\":\"2025-11-12T10:23:28+00:00\",\"dateModified\":\"2025-11-12T10:23:58+00:00\",\"breadcrumb\":{\"@id\":\"https:\\\/\\\/ethosceramics.com\\\/shop\\\/basiscursus-prive\\\/#breadcrumb\"},\"inLanguage\":\"nl-BE\",\"potentialAction\":[{\"@type\":\"ReadAction\",\"target\":[\"https:\\\/\\\/ethosceramics.com\\\/shop\\\/basiscursus-prive\\\/\"]}]},{\"@type\":\"ImageObject\",\"inLanguage\":\"nl-BE\",\"@id\":\"https:\\\/\\\/ethosceramics.com\\\/shop\\\/basiscursus-prive\\\/#primaryimage\",\"url\":\"https:\\\/\\\/ethosceramics.com\\\/wp-content\\\/uploads\\\/2023\\\/09\\\/maatwerk.png\",\"contentUrl\":\"https:\\\/\\\/ethosceramics.com\\\/wp-content\\\/uploads\\\/2023\\\/09\\\/maatwerk.png\",\"width\":2917,\"height\":2917,\"caption\":\"workshop op maat\"},{\"@type\":\"BreadcrumbList\",\"@id\":\"https:\\\/\\\/ethosceramics.com\\\/shop\\\/basiscursus-prive\\\/#breadcrumb\",\"itemListElement\":[{\"@type\":\"ListItem\",\"position\":1,\"name\":\"Home\",\"item\":\"https:\\\/\\\/ethosceramics.com\\\/\"},{\"@type\":\"ListItem\",\"position\":2,\"name\":\"webshop\",\"item\":\"https:\\\/\\\/ethosceramics.com\\\/home\\\/shop\\\/\"},{\"@type\":\"ListItem\",\"position\":3,\"name\":\"Workshops\",\"item\":\"https:\\\/\\\/ethosceramics.com\\\/product-categorie\\\/workshops\\\/\"},{\"@type\":\"ListItem\",\"position\":4,\"name\":\"Workshops op maat\",\"item\":\"https:\\\/\\\/ethosceramics.com\\\/product-categorie\\\/workshops\\\/workshops-op-maat\\\/\"},{\"@type\":\"ListItem\",\"position\":5,\"name\":\"basiscursus &#8211; priv\u00e9\"}]},{\"@type\":\"WebSite\",\"@id\":\"https:\\\/\\\/ethosceramics.com\\\/#website\",\"url\":\"https:\\\/\\\/ethosceramics.com\\\/\",\"name\":\"ethos ceramics\",\"description\":\"Workshops pottenbakken en handgemaakte keramiek\",\"publisher\":{\"@id\":\"https:\\\/\\\/ethosceramics.com\\\/#organization\"},\"potentialAction\":[{\"@type\":\"SearchAction\",\"target\":{\"@type\":\"EntryPoint\",\"urlTemplate\":\"https:\\\/\\\/ethosceramics.com\\\/?s={search_term_string}\"},\"query-input\":{\"@type\":\"PropertyValueSpecification\",\"valueRequired\":true,\"valueName\":\"search_term_string\"}}],\"inLanguage\":\"nl-BE\"},{\"@type\":\"Organization\",\"@id\":\"https:\\\/\\\/ethosceramics.com\\\/#organization\",\"name\":\"ethos ceramics\",\"url\":\"https:\\\/\\\/ethosceramics.com\\\/\",\"logo\":{\"@type\":\"ImageObject\",\"inLanguage\":\"nl-BE\",\"@id\":\"https:\\\/\\\/ethosceramics.com\\\/#\\\/schema\\\/logo\\\/image\\\/\",\"url\":\"https:\\\/\\\/ethosceramics.com\\\/wp-content\\\/uploads\\\/2023\\\/02\\\/ethos-logo.svg\",\"contentUrl\":\"https:\\\/\\\/ethosceramics.com\\\/wp-content\\\/uploads\\\/2023\\\/02\\\/ethos-logo.svg\",\"caption\":\"ethos ceramics\"},\"image\":{\"@id\":\"https:\\\/\\\/ethosceramics.com\\\/#\\\/schema\\\/logo\\\/image\\\/\"}}]}<\/script>\n<!-- \/ Yoast SEO plugin. -->","yoast_head_json":{"title":"basiscursus - priv\u00e9 - ethos ceramics","robots":{"index":"index","follow":"follow","max-snippet":"max-snippet:-1","max-image-preview":"max-image-preview:large","max-video-preview":"max-video-preview:-1"},"canonical":"https:\/\/ethosceramics.com\/nl\/shop\/basiscursus-prive\/","og_locale":"nl_BE","og_type":"article","og_title":"basiscursus - priv\u00e9 - ethos ceramics","og_description":"Voor reservatie van reeds besproken basiscursus op maat.  Selecteer het aantal personen.","og_url":"https:\/\/ethosceramics.com\/nl\/shop\/basiscursus-prive\/","og_site_name":"ethos ceramics","article_modified_time":"2025-11-12T10:23:58+00:00","og_image":[{"width":2917,"height":2917,"url":"https:\/\/ethosceramics.com\/wp-content\/uploads\/2023\/09\/maatwerk.png","type":"image\/png"}],"twitter_card":"summary_large_image","twitter_misc":{"Geschatte leestijd":"3 minuten"},"schema":{"@context":"https:\/\/schema.org","@graph":[{"@type":"WebPage","@id":"https:\/\/ethosceramics.com\/shop\/basiscursus-prive\/","url":"https:\/\/ethosceramics.com\/shop\/basiscursus-prive\/","name":"basiscursus - priv\u00e9 - ethos ceramics","isPartOf":{"@id":"https:\/\/ethosceramics.com\/#website"},"primaryImageOfPage":{"@id":"https:\/\/ethosceramics.com\/shop\/basiscursus-prive\/#primaryimage"},"image":{"@id":"https:\/\/ethosceramics.com\/shop\/basiscursus-prive\/#primaryimage"},"thumbnailUrl":"https:\/\/ethosceramics.com\/wp-content\/uploads\/2023\/09\/maatwerk.png","datePublished":"2025-11-12T10:23:28+00:00","dateModified":"2025-11-12T10:23:58+00:00","breadcrumb":{"@id":"https:\/\/ethosceramics.com\/shop\/basiscursus-prive\/#breadcrumb"},"inLanguage":"nl-BE","potentialAction":[{"@type":"ReadAction","target":["https:\/\/ethosceramics.com\/shop\/basiscursus-prive\/"]}]},{"@type":"ImageObject","inLanguage":"nl-BE","@id":"https:\/\/ethosceramics.com\/shop\/basiscursus-prive\/#primaryimage","url":"https:\/\/ethosceramics.com\/wp-content\/uploads\/2023\/09\/maatwerk.png","contentUrl":"https:\/\/ethosceramics.com\/wp-content\/uploads\/2023\/09\/maatwerk.png","width":2917,"height":2917,"caption":"workshop op maat"},{"@type":"BreadcrumbList","@id":"https:\/\/ethosceramics.com\/shop\/basiscursus-prive\/#breadcrumb","itemListElement":[{"@type":"ListItem","position":1,"name":"Home","item":"https:\/\/ethosceramics.com\/"},{"@type":"ListItem","position":2,"name":"webshop","item":"https:\/\/ethosceramics.com\/home\/shop\/"},{"@type":"ListItem","position":3,"name":"Workshops","item":"https:\/\/ethosceramics.com\/product-categorie\/workshops\/"},{"@type":"ListItem","position":4,"name":"Workshops op maat","item":"https:\/\/ethosceramics.com\/product-categorie\/workshops\/workshops-op-maat\/"},{"@type":"ListItem","position":5,"name":"basiscursus &#8211; priv\u00e9"}]},{"@type":"WebSite","@id":"https:\/\/ethosceramics.com\/#website","url":"https:\/\/ethosceramics.com\/","name":"ethos ceramics","description":"Workshops pottenbakken en handgemaakte keramiek","publisher":{"@id":"https:\/\/ethosceramics.com\/#organization"},"potentialAction":[{"@type":"SearchAction","target":{"@type":"EntryPoint","urlTemplate":"https:\/\/ethosceramics.com\/?s={search_term_string}"},"query-input":{"@type":"PropertyValueSpecification","valueRequired":true,"valueName":"search_term_string"}}],"inLanguage":"nl-BE"},{"@type":"Organization","@id":"https:\/\/ethosceramics.com\/#organization","name":"ethos ceramics","url":"https:\/\/ethosceramics.com\/","logo":{"@type":"ImageObject","inLanguage":"nl-BE","@id":"https:\/\/ethosceramics.com\/#\/schema\/logo\/image\/","url":"https:\/\/ethosceramics.com\/wp-content\/uploads\/2023\/02\/ethos-logo.svg","contentUrl":"https:\/\/ethosceramics.com\/wp-content\/uploads\/2023\/02\/ethos-logo.svg","caption":"ethos ceramics"},"image":{"@id":"https:\/\/ethosceramics.com\/#\/schema\/logo\/image\/"}}]}},"jetpack_sharing_enabled":true,"_links":{"self":[{"href":"https:\/\/ethosceramics.com\/nl\/wp-json\/wp\/v2\/product\/5811","targetHints":{"allow":["GET"]}}],"collection":[{"href":"https:\/\/ethosceramics.com\/nl\/wp-json\/wp\/v2\/product"}],"about":[{"href":"https:\/\/ethosceramics.com\/nl\/wp-json\/wp\/v2\/types\/product"}],"wp:featuredmedia":[{"embeddable":true,"href":"https:\/\/ethosceramics.com\/nl\/wp-json\/wp\/v2\/media\/1352"}],"wp:attachment":[{"href":"https:\/\/ethosceramics.com\/nl\/wp-json\/wp\/v2\/media?parent=5811"}],"wp:term":[{"taxonomy":"product_brand","embeddable":true,"href":"https:\/\/ethosceramics.com\/nl\/wp-json\/wp\/v2\/product_brand?post=5811"},{"taxonomy":"product_cat","embeddable":true,"href":"https:\/\/ethosceramics.com\/nl\/wp-json\/wp\/v2\/product_cat?post=5811"},{"taxonomy":"product_tag","embeddable":true,"href":"https:\/\/ethosceramics.com\/nl\/wp-json\/wp\/v2\/product_tag?post=5811"}],"curies":[{"name":"wp","href":"https:\/\/api.w.org\/{rel}","templated":true}]}}