{"id":1505,"date":"2023-10-02T09:23:08","date_gmt":"2023-10-02T09:23:08","guid":{"rendered":"https:\/\/test.ethosceramics.com\/?post_type=product&#038;p=1505"},"modified":"2026-04-19T06:13:08","modified_gmt":"2026-04-19T06:13:08","slug":"proefdraaien","status":"publish","type":"product","link":"http:\/\/ethosceramics.com\/nl\/shop\/proefdraaien\/","title":{"rendered":"initiatie pottenbakken &#8211; proefdraaien avond"},"content":{"rendered":"<h3>details initiatie pottenbakken<\/h3>\n<h3>workshop details<\/h3>\n<p>In deze 2,5 uur durende cursus leer je hoe je zelf keramiek maakt aan de draaischijf. Ideaal voor wie eens wil &#8216;proeven&#8217; van deze ambacht.<\/p>\n<h4>wat is inbegrepen ?<\/h4>\n<ul>\n<li>Gebruik van de studio en alle materiaal gedurende de duur van de workshop<\/li>\n<li>Je favoriete potjes worden door mij verder afgewerkt en gebakken. E\u00e9n potje inbegrepen in de prijs; extra potjes kunnen afgewerkt worden tegen een meerprijs van 10\u20ac\/stuk.<\/li>\n<li>koffie, thee, water<\/li>\n<\/ul>\n<h4>enkele tips:<\/h4>\n<ul>\n<li>Draag gemakkelijke kleding (en schoenen) die vuil mag worden. De klei die we gebruiken laat meestal geen vlekken achter na het wassen, maar je weet maar nooit.<\/li>\n<li>Neem eventueel een handdoek mee. Een schort kan ook handig zijn om je kleding schoon te houden.<\/li>\n<li>Pottenbakken is werken met je handen. Lange nagels zullen waarschijnlijk voor frustratie zorgen.<\/li>\n<li>Houd je verwachtingen realistisch. Tijdens deze workshop kan je in het beste geval een paar potjes draaien.<\/li>\n<\/ul>\n<h4>extra informatie:<\/h4>\n<ul>\n<li>Workshops worden gegeven in groepen van zes \u00e0 zeven personen. Zo is er voldoende tijd om iedereen wat individuele hulp te bieden. Als je echter liever \u00e9\u00e9n op \u00e9\u00e9n les hebt is de initiatie pottenbakken niet de beste keuze; dan kan je beter een priv\u00e9sessie boeken.<\/li>\n<li>Zodra je je aankoop succesvol hebt afgerond, heb je recht op een plaats in die specifieke workshop.\n<ul>\n<li>Voor het annuleren en verplaatsen van workshops wordt \u20ac 30,- administratiekosten (per persoon) in rekening gebracht. Je kunt je workshop altijd kosteloos overdragen aan iemand anders.<\/li>\n<li>Indien wij door onvoorziene omstandigheden genoodzaakt zijn een sessie of workshop te verplaatsen zijn er geen administratiekosten.<\/li>\n<li>Als een workshop niet doorgaat krijg je een waardebon waarmee je kan inschrijven op een toekomstige workshop.<\/li>\n<li>Gemiste sessies ongeacht de reden (ziekte, persoonlijke problemen, nalatigheid, \u2026) kunnen niet worden verplaatst of ingehaald. We begrijpen dat dit pijnlijk is, maar het is praktisch onmogelijk om dit op te lossen.<\/li>\n<\/ul>\n<\/li>\n<li>Wil je een workshop voor iemand anders boeken b.v. als cadeau, geef dan het ordernummer door.<\/li>\n<li>Het laatste half uur gebruiken we om het altelier terug op te kuisen.<\/li>\n<\/ul>\n<p>&nbsp;<\/p>\n<p>Wil je deze workshop graag overdag volgen ? Klik hier voor de mogelijkheden :\u00a0 <a href=\"https:\/\/ethosceramics.com\/product-categorie\/workshops\/proefdraaien\/\">initiaties<\/a><\/p>\n","protected":false},"excerpt":{"rendered":"<p>Deze initiatie pottenbakken is ideaal voor wie eens kennis wil maken met het draaien van keramiek aan de draaischijf. Tijdens deze workshop leer je in kleine groep ( max 7 pers ) je eerste potjes draaien op de pottenbakkersschijf. Kristof werkt deze creatie(s) nadien verder af naar jouw voorkeur.<br \/>\nDe workshop start om 19u en stopt rond 21u30.<\/p>\n","protected":false},"featured_media":1920,"template":"","meta":{"_coblocks_attr":"","_coblocks_dimensions":"","_coblocks_responsive_height":"","_coblocks_accordion_ie_support":""},"product_brand":[],"product_cat":[73,71],"product_tag":[],"class_list":{"0":"post-1505","1":"product","2":"type-product","3":"status-publish","4":"has-post-thumbnail","6":"product_cat-proefdraaien","7":"product_cat-workshops","9":"first","10":"instock","11":"taxable","12":"shipping-taxable","13":"purchasable","14":"product-type-variable"},"yoast_head":"<!-- This site is optimized with the Yoast SEO plugin v27.4 - https:\/\/yoast.com\/product\/yoast-seo-wordpress\/ -->\n<title>initiatie pottenbakken - proefdraaien avond - ethos ceramics<\/title>\n<meta name=\"description\" content=\"Beginnersworkshop pottenbakken in Antwerpen. Leer op een avond keramiek maken aan de draaischijf. Wij werken je creatie verder af. Geen ervaring nodig!\" \/>\n<meta name=\"robots\" content=\"index, follow, max-snippet:-1, max-image-preview:large, max-video-preview:-1\" \/>\n<link rel=\"canonical\" href=\"http:\/\/ethosceramics.com\/nl\/shop\/proefdraaien\/\" \/>\n<meta property=\"og:locale\" content=\"nl_BE\" \/>\n<meta property=\"og:type\" content=\"article\" \/>\n<meta property=\"og:title\" content=\"initiatie pottenbakken - proefdraaien avond - ethos ceramics\" \/>\n<meta property=\"og:description\" content=\"Beginnersworkshop pottenbakken in Antwerpen. Leer op een avond keramiek maken aan de draaischijf. Wij werken je creatie verder af. Geen ervaring nodig!\" \/>\n<meta property=\"og:url\" content=\"http:\/\/ethosceramics.com\/nl\/shop\/proefdraaien\/\" \/>\n<meta property=\"og:site_name\" content=\"ethos ceramics\" \/>\n<meta property=\"article:modified_time\" content=\"2026-04-19T06:13:08+00:00\" \/>\n<meta property=\"og:image\" content=\"https:\/\/ethosceramics.com\/wp-content\/uploads\/2023\/10\/proefdraaien.png\" \/>\n\t<meta property=\"og:image:width\" content=\"1080\" \/>\n\t<meta property=\"og:image:height\" content=\"1080\" \/>\n\t<meta property=\"og:image:type\" content=\"image\/png\" \/>\n<meta name=\"twitter:card\" content=\"summary_large_image\" \/>\n<meta name=\"twitter:label1\" content=\"Geschatte leestijd\" \/>\n\t<meta name=\"twitter:data1\" content=\"2 minuten\" \/>\n<script type=\"application\/ld+json\" class=\"yoast-schema-graph\">{\"@context\":\"https:\\\/\\\/schema.org\",\"@graph\":[{\"@type\":\"WebPage\",\"@id\":\"https:\\\/\\\/ethosceramics.com\\\/shop\\\/proefdraaien\\\/\",\"url\":\"https:\\\/\\\/ethosceramics.com\\\/shop\\\/proefdraaien\\\/\",\"name\":\"initiatie pottenbakken - proefdraaien avond - ethos ceramics\",\"isPartOf\":{\"@id\":\"https:\\\/\\\/ethosceramics.com\\\/#website\"},\"primaryImageOfPage\":{\"@id\":\"https:\\\/\\\/ethosceramics.com\\\/shop\\\/proefdraaien\\\/#primaryimage\"},\"image\":{\"@id\":\"https:\\\/\\\/ethosceramics.com\\\/shop\\\/proefdraaien\\\/#primaryimage\"},\"thumbnailUrl\":\"https:\\\/\\\/ethosceramics.com\\\/wp-content\\\/uploads\\\/2023\\\/10\\\/proefdraaien.png\",\"datePublished\":\"2023-10-02T09:23:08+00:00\",\"dateModified\":\"2026-04-19T06:13:08+00:00\",\"description\":\"Beginnersworkshop pottenbakken in Antwerpen. Leer op een avond keramiek maken aan de draaischijf. Wij werken je creatie verder af. Geen ervaring nodig!\",\"breadcrumb\":{\"@id\":\"https:\\\/\\\/ethosceramics.com\\\/shop\\\/proefdraaien\\\/#breadcrumb\"},\"inLanguage\":\"nl-BE\",\"potentialAction\":[{\"@type\":\"ReadAction\",\"target\":[\"https:\\\/\\\/ethosceramics.com\\\/shop\\\/proefdraaien\\\/\"]}]},{\"@type\":\"ImageObject\",\"inLanguage\":\"nl-BE\",\"@id\":\"https:\\\/\\\/ethosceramics.com\\\/shop\\\/proefdraaien\\\/#primaryimage\",\"url\":\"https:\\\/\\\/ethosceramics.com\\\/wp-content\\\/uploads\\\/2023\\\/10\\\/proefdraaien.png\",\"contentUrl\":\"https:\\\/\\\/ethosceramics.com\\\/wp-content\\\/uploads\\\/2023\\\/10\\\/proefdraaien.png\",\"width\":1080,\"height\":1080,\"caption\":\"proefdraaien - initiatie pottenbakken avond\"},{\"@type\":\"BreadcrumbList\",\"@id\":\"https:\\\/\\\/ethosceramics.com\\\/shop\\\/proefdraaien\\\/#breadcrumb\",\"itemListElement\":[{\"@type\":\"ListItem\",\"position\":1,\"name\":\"Home\",\"item\":\"https:\\\/\\\/ethosceramics.com\\\/\"},{\"@type\":\"ListItem\",\"position\":2,\"name\":\"webshop\",\"item\":\"https:\\\/\\\/ethosceramics.com\\\/home\\\/shop\\\/\"},{\"@type\":\"ListItem\",\"position\":3,\"name\":\"Workshops\",\"item\":\"https:\\\/\\\/ethosceramics.com\\\/product-categorie\\\/workshops\\\/\"},{\"@type\":\"ListItem\",\"position\":4,\"name\":\"initiatie pottenbakken &#8211; proefdraaien avond\"}]},{\"@type\":\"WebSite\",\"@id\":\"https:\\\/\\\/ethosceramics.com\\\/#website\",\"url\":\"https:\\\/\\\/ethosceramics.com\\\/\",\"name\":\"ethos ceramics\",\"description\":\"Workshops pottenbakken en handgemaakte keramiek\",\"publisher\":{\"@id\":\"https:\\\/\\\/ethosceramics.com\\\/#organization\"},\"potentialAction\":[{\"@type\":\"SearchAction\",\"target\":{\"@type\":\"EntryPoint\",\"urlTemplate\":\"https:\\\/\\\/ethosceramics.com\\\/?s={search_term_string}\"},\"query-input\":{\"@type\":\"PropertyValueSpecification\",\"valueRequired\":true,\"valueName\":\"search_term_string\"}}],\"inLanguage\":\"nl-BE\"},{\"@type\":\"Organization\",\"@id\":\"https:\\\/\\\/ethosceramics.com\\\/#organization\",\"name\":\"ethos ceramics\",\"url\":\"https:\\\/\\\/ethosceramics.com\\\/\",\"logo\":{\"@type\":\"ImageObject\",\"inLanguage\":\"nl-BE\",\"@id\":\"https:\\\/\\\/ethosceramics.com\\\/#\\\/schema\\\/logo\\\/image\\\/\",\"url\":\"https:\\\/\\\/ethosceramics.com\\\/wp-content\\\/uploads\\\/2023\\\/02\\\/ethos-logo.svg\",\"contentUrl\":\"https:\\\/\\\/ethosceramics.com\\\/wp-content\\\/uploads\\\/2023\\\/02\\\/ethos-logo.svg\",\"caption\":\"ethos ceramics\"},\"image\":{\"@id\":\"https:\\\/\\\/ethosceramics.com\\\/#\\\/schema\\\/logo\\\/image\\\/\"}}]}<\/script>\n<!-- \/ Yoast SEO plugin. -->","yoast_head_json":{"title":"initiatie pottenbakken - proefdraaien avond - ethos ceramics","description":"Beginnersworkshop pottenbakken in Antwerpen. Leer op een avond keramiek maken aan de draaischijf. Wij werken je creatie verder af. Geen ervaring nodig!","robots":{"index":"index","follow":"follow","max-snippet":"max-snippet:-1","max-image-preview":"max-image-preview:large","max-video-preview":"max-video-preview:-1"},"canonical":"http:\/\/ethosceramics.com\/nl\/shop\/proefdraaien\/","og_locale":"nl_BE","og_type":"article","og_title":"initiatie pottenbakken - proefdraaien avond - ethos ceramics","og_description":"Beginnersworkshop pottenbakken in Antwerpen. Leer op een avond keramiek maken aan de draaischijf. Wij werken je creatie verder af. Geen ervaring nodig!","og_url":"http:\/\/ethosceramics.com\/nl\/shop\/proefdraaien\/","og_site_name":"ethos ceramics","article_modified_time":"2026-04-19T06:13:08+00:00","og_image":[{"width":1080,"height":1080,"url":"https:\/\/ethosceramics.com\/wp-content\/uploads\/2023\/10\/proefdraaien.png","type":"image\/png"}],"twitter_card":"summary_large_image","twitter_misc":{"Geschatte leestijd":"2 minuten"},"schema":{"@context":"https:\/\/schema.org","@graph":[{"@type":"WebPage","@id":"https:\/\/ethosceramics.com\/shop\/proefdraaien\/","url":"https:\/\/ethosceramics.com\/shop\/proefdraaien\/","name":"initiatie pottenbakken - proefdraaien avond - ethos ceramics","isPartOf":{"@id":"https:\/\/ethosceramics.com\/#website"},"primaryImageOfPage":{"@id":"https:\/\/ethosceramics.com\/shop\/proefdraaien\/#primaryimage"},"image":{"@id":"https:\/\/ethosceramics.com\/shop\/proefdraaien\/#primaryimage"},"thumbnailUrl":"https:\/\/ethosceramics.com\/wp-content\/uploads\/2023\/10\/proefdraaien.png","datePublished":"2023-10-02T09:23:08+00:00","dateModified":"2026-04-19T06:13:08+00:00","description":"Beginnersworkshop pottenbakken in Antwerpen. Leer op een avond keramiek maken aan de draaischijf. Wij werken je creatie verder af. Geen ervaring nodig!","breadcrumb":{"@id":"https:\/\/ethosceramics.com\/shop\/proefdraaien\/#breadcrumb"},"inLanguage":"nl-BE","potentialAction":[{"@type":"ReadAction","target":["https:\/\/ethosceramics.com\/shop\/proefdraaien\/"]}]},{"@type":"ImageObject","inLanguage":"nl-BE","@id":"https:\/\/ethosceramics.com\/shop\/proefdraaien\/#primaryimage","url":"https:\/\/ethosceramics.com\/wp-content\/uploads\/2023\/10\/proefdraaien.png","contentUrl":"https:\/\/ethosceramics.com\/wp-content\/uploads\/2023\/10\/proefdraaien.png","width":1080,"height":1080,"caption":"proefdraaien - initiatie pottenbakken avond"},{"@type":"BreadcrumbList","@id":"https:\/\/ethosceramics.com\/shop\/proefdraaien\/#breadcrumb","itemListElement":[{"@type":"ListItem","position":1,"name":"Home","item":"https:\/\/ethosceramics.com\/"},{"@type":"ListItem","position":2,"name":"webshop","item":"https:\/\/ethosceramics.com\/home\/shop\/"},{"@type":"ListItem","position":3,"name":"Workshops","item":"https:\/\/ethosceramics.com\/product-categorie\/workshops\/"},{"@type":"ListItem","position":4,"name":"initiatie pottenbakken &#8211; proefdraaien avond"}]},{"@type":"WebSite","@id":"https:\/\/ethosceramics.com\/#website","url":"https:\/\/ethosceramics.com\/","name":"ethos ceramics","description":"Workshops pottenbakken en handgemaakte keramiek","publisher":{"@id":"https:\/\/ethosceramics.com\/#organization"},"potentialAction":[{"@type":"SearchAction","target":{"@type":"EntryPoint","urlTemplate":"https:\/\/ethosceramics.com\/?s={search_term_string}"},"query-input":{"@type":"PropertyValueSpecification","valueRequired":true,"valueName":"search_term_string"}}],"inLanguage":"nl-BE"},{"@type":"Organization","@id":"https:\/\/ethosceramics.com\/#organization","name":"ethos ceramics","url":"https:\/\/ethosceramics.com\/","logo":{"@type":"ImageObject","inLanguage":"nl-BE","@id":"https:\/\/ethosceramics.com\/#\/schema\/logo\/image\/","url":"https:\/\/ethosceramics.com\/wp-content\/uploads\/2023\/02\/ethos-logo.svg","contentUrl":"https:\/\/ethosceramics.com\/wp-content\/uploads\/2023\/02\/ethos-logo.svg","caption":"ethos ceramics"},"image":{"@id":"https:\/\/ethosceramics.com\/#\/schema\/logo\/image\/"}}]}},"jetpack_sharing_enabled":true,"_links":{"self":[{"href":"http:\/\/ethosceramics.com\/nl\/wp-json\/wp\/v2\/product\/1505","targetHints":{"allow":["GET"]}}],"collection":[{"href":"http:\/\/ethosceramics.com\/nl\/wp-json\/wp\/v2\/product"}],"about":[{"href":"http:\/\/ethosceramics.com\/nl\/wp-json\/wp\/v2\/types\/product"}],"wp:featuredmedia":[{"embeddable":true,"href":"http:\/\/ethosceramics.com\/nl\/wp-json\/wp\/v2\/media\/1920"}],"wp:attachment":[{"href":"http:\/\/ethosceramics.com\/nl\/wp-json\/wp\/v2\/media?parent=1505"}],"wp:term":[{"taxonomy":"product_brand","embeddable":true,"href":"http:\/\/ethosceramics.com\/nl\/wp-json\/wp\/v2\/product_brand?post=1505"},{"taxonomy":"product_cat","embeddable":true,"href":"http:\/\/ethosceramics.com\/nl\/wp-json\/wp\/v2\/product_cat?post=1505"},{"taxonomy":"product_tag","embeddable":true,"href":"http:\/\/ethosceramics.com\/nl\/wp-json\/wp\/v2\/product_tag?post=1505"}],"curies":[{"name":"wp","href":"https:\/\/api.w.org\/{rel}","templated":true}]}}