{"id":3432,"date":"2024-03-05T09:54:37","date_gmt":"2024-03-05T09:54:37","guid":{"rendered":"https:\/\/ethosceramics.com\/?post_type=product&#038;p=3432"},"modified":"2024-12-31T12:37:33","modified_gmt":"2024-12-31T12:37:33","slug":"priveles-pottenbakken-1-uur-sessie-kopie","status":"publish","type":"product","link":"http:\/\/ethosceramics.com\/en\/shop\/priveles-pottenbakken-1-uur-sessie-kopie\/","title":{"rendered":"priv\u00e9les pottenbakken &#8211; 1 uur sessie"},"content":{"rendered":"<p>Wil je snel vorderingen maken in pottenbakken of specifieke hindernissen overwinnen? Onze priv\u00e9lessen zijn hier speciaal voor ontworpen. In een \u00e9\u00e9n uur durende sessie, gericht op jouw specifieke behoeften, kun je diep duiken in de technieken van het draaien en afdraaien, en mogelijk ook glazuren.<\/p>\n<p>In every lesson we work together to focus on what you want to learn and improve. Whether you want to sharpen your skills on the wheel or explore new ceramics techniques, these classes provide the attention and expertise you need.<\/p>\n<p><strong>Sessies van \u00e9\u00e9n uur zijn niet beschikbaar als initiatie. Deze zijn enkel voor gevorderden of voor afdraaien en glazuren van eerder gemaakte items.\u00a0<\/strong><\/p>\n<p><em>Please note: the price of the private lesson does not include firing costs. Most students choose to focus on the learning process during class, rather than completing pieces. This allows us to fully focus on improving your techniques.<\/em><\/p>\n<p>To book a private lesson, <strong>contact us first<\/strong>.  These sessions only take place <strong>during daytime<\/strong> and we must find a suitable time together that suits our availability.<\/p>\n<p>Sign up for a private pottery class and take a big step forward in your ceramics skills!<\/p>","protected":false},"excerpt":{"rendered":"<p>Accelerate your pottery skills with our private pottery or ceramics lessons.<\/p>\n<p>Boek een \u00e9\u00e9n uur durende sessie om je techniek te perfectioneren.<\/p>\n<p>Lessons available during the day only.Firing costs not included.<\/p>\n<p><strong>Please contact us for availability and booking.<\/strong><\/p>\n<p>&nbsp;<\/p>","protected":false},"featured_media":3435,"template":"","meta":{"_coblocks_attr":"","_coblocks_dimensions":"","_coblocks_responsive_height":"","_coblocks_accordion_ie_support":""},"product_brand":[],"product_cat":[74,71],"product_tag":[],"class_list":{"0":"post-3432","1":"product","2":"type-product","3":"status-publish","4":"has-post-thumbnail","6":"product_cat-priveles","7":"product_cat-workshops","9":"first","10":"instock","11":"virtual","12":"taxable","13":"purchasable","14":"product-type-simple"},"yoast_head":"<!-- This site is optimized with the Yoast SEO plugin v27.4 - https:\/\/yoast.com\/product\/yoast-seo-wordpress\/ -->\n<title>priv\u00e9les pottenbakken - 1 uur sessie - ethos ceramics<\/title>\n<meta name=\"description\" content=\"Boek priv\u00e9les pottenbakken. De snelste manier om vooruitgang te maken in je keramiek vaardigheden. Voor beginners en gevorderden.\" \/>\n<meta name=\"robots\" content=\"index, follow, max-snippet:-1, max-image-preview:large, max-video-preview:-1\" \/>\n<link rel=\"canonical\" href=\"http:\/\/ethosceramics.com\/en\/shop\/priveles-pottenbakken-1-uur-sessie-kopie\/\" \/>\n<meta property=\"og:locale\" content=\"en_US\" \/>\n<meta property=\"og:type\" content=\"article\" \/>\n<meta property=\"og:title\" content=\"priv\u00e9les pottenbakken - 1 uur sessie - ethos ceramics\" \/>\n<meta property=\"og:description\" content=\"Boek priv\u00e9les pottenbakken. De snelste manier om vooruitgang te maken in je keramiek vaardigheden. Voor beginners en gevorderden.\" \/>\n<meta property=\"og:url\" content=\"http:\/\/ethosceramics.com\/en\/shop\/priveles-pottenbakken-1-uur-sessie-kopie\/\" \/>\n<meta property=\"og:site_name\" content=\"ethos ceramics\" \/>\n<meta property=\"article:modified_time\" content=\"2024-12-31T12:37:33+00:00\" \/>\n<meta property=\"og:image\" content=\"https:\/\/ethosceramics.com\/wp-content\/uploads\/2024\/03\/priveles-pottenbakken-1uur.png\" \/>\n\t<meta property=\"og:image:width\" content=\"1080\" \/>\n\t<meta property=\"og:image:height\" content=\"1080\" \/>\n\t<meta property=\"og:image:type\" content=\"image\/png\" \/>\n<meta name=\"twitter:card\" content=\"summary_large_image\" \/>\n<meta name=\"twitter:label1\" content=\"Est. reading time\" \/>\n\t<meta name=\"twitter:data1\" content=\"2 minutes\" \/>\n<script type=\"application\/ld+json\" class=\"yoast-schema-graph\">{\"@context\":\"https:\\\/\\\/schema.org\",\"@graph\":[{\"@type\":\"WebPage\",\"@id\":\"https:\\\/\\\/ethosceramics.com\\\/shop\\\/priveles-pottenbakken-1-uur-sessie-kopie\\\/\",\"url\":\"https:\\\/\\\/ethosceramics.com\\\/shop\\\/priveles-pottenbakken-1-uur-sessie-kopie\\\/\",\"name\":\"priv\u00e9les pottenbakken - 1 uur sessie - ethos ceramics\",\"isPartOf\":{\"@id\":\"https:\\\/\\\/ethosceramics.com\\\/#website\"},\"primaryImageOfPage\":{\"@id\":\"https:\\\/\\\/ethosceramics.com\\\/shop\\\/priveles-pottenbakken-1-uur-sessie-kopie\\\/#primaryimage\"},\"image\":{\"@id\":\"https:\\\/\\\/ethosceramics.com\\\/shop\\\/priveles-pottenbakken-1-uur-sessie-kopie\\\/#primaryimage\"},\"thumbnailUrl\":\"https:\\\/\\\/ethosceramics.com\\\/wp-content\\\/uploads\\\/2024\\\/03\\\/priveles-pottenbakken-1uur.png\",\"datePublished\":\"2024-03-05T09:54:37+00:00\",\"dateModified\":\"2024-12-31T12:37:33+00:00\",\"description\":\"Boek priv\u00e9les pottenbakken. De snelste manier om vooruitgang te maken in je keramiek vaardigheden. Voor beginners en gevorderden.\",\"breadcrumb\":{\"@id\":\"https:\\\/\\\/ethosceramics.com\\\/shop\\\/priveles-pottenbakken-1-uur-sessie-kopie\\\/#breadcrumb\"},\"inLanguage\":\"en-US\",\"potentialAction\":[{\"@type\":\"ReadAction\",\"target\":[\"https:\\\/\\\/ethosceramics.com\\\/shop\\\/priveles-pottenbakken-1-uur-sessie-kopie\\\/\"]}]},{\"@type\":\"ImageObject\",\"inLanguage\":\"en-US\",\"@id\":\"https:\\\/\\\/ethosceramics.com\\\/shop\\\/priveles-pottenbakken-1-uur-sessie-kopie\\\/#primaryimage\",\"url\":\"https:\\\/\\\/ethosceramics.com\\\/wp-content\\\/uploads\\\/2024\\\/03\\\/priveles-pottenbakken-1uur.png\",\"contentUrl\":\"https:\\\/\\\/ethosceramics.com\\\/wp-content\\\/uploads\\\/2024\\\/03\\\/priveles-pottenbakken-1uur.png\",\"width\":1080,\"height\":1080},{\"@type\":\"BreadcrumbList\",\"@id\":\"https:\\\/\\\/ethosceramics.com\\\/shop\\\/priveles-pottenbakken-1-uur-sessie-kopie\\\/#breadcrumb\",\"itemListElement\":[{\"@type\":\"ListItem\",\"position\":1,\"name\":\"Home\",\"item\":\"https:\\\/\\\/ethosceramics.com\\\/\"},{\"@type\":\"ListItem\",\"position\":2,\"name\":\"webshop\",\"item\":\"https:\\\/\\\/ethosceramics.com\\\/home\\\/shop\\\/\"},{\"@type\":\"ListItem\",\"position\":3,\"name\":\"Workshops\",\"item\":\"https:\\\/\\\/ethosceramics.com\\\/product-categorie\\\/workshops\\\/\"},{\"@type\":\"ListItem\",\"position\":4,\"name\":\"priv\u00e9les pottenbakken &#8211; 1 uur sessie\"}]},{\"@type\":\"WebSite\",\"@id\":\"https:\\\/\\\/ethosceramics.com\\\/#website\",\"url\":\"https:\\\/\\\/ethosceramics.com\\\/\",\"name\":\"ethos ceramics\",\"description\":\"Workshops pottenbakken en handgemaakte keramiek\",\"publisher\":{\"@id\":\"https:\\\/\\\/ethosceramics.com\\\/#organization\"},\"potentialAction\":[{\"@type\":\"SearchAction\",\"target\":{\"@type\":\"EntryPoint\",\"urlTemplate\":\"https:\\\/\\\/ethosceramics.com\\\/?s={search_term_string}\"},\"query-input\":{\"@type\":\"PropertyValueSpecification\",\"valueRequired\":true,\"valueName\":\"search_term_string\"}}],\"inLanguage\":\"en-US\"},{\"@type\":\"Organization\",\"@id\":\"https:\\\/\\\/ethosceramics.com\\\/#organization\",\"name\":\"ethos ceramics\",\"url\":\"https:\\\/\\\/ethosceramics.com\\\/\",\"logo\":{\"@type\":\"ImageObject\",\"inLanguage\":\"en-US\",\"@id\":\"https:\\\/\\\/ethosceramics.com\\\/#\\\/schema\\\/logo\\\/image\\\/\",\"url\":\"https:\\\/\\\/ethosceramics.com\\\/wp-content\\\/uploads\\\/2023\\\/02\\\/ethos-logo.svg\",\"contentUrl\":\"https:\\\/\\\/ethosceramics.com\\\/wp-content\\\/uploads\\\/2023\\\/02\\\/ethos-logo.svg\",\"caption\":\"ethos ceramics\"},\"image\":{\"@id\":\"https:\\\/\\\/ethosceramics.com\\\/#\\\/schema\\\/logo\\\/image\\\/\"}}]}<\/script>\n<!-- \/ Yoast SEO plugin. -->","yoast_head_json":{"title":"priv\u00e9les pottenbakken - 1 uur sessie - ethos ceramics","description":"Boek priv\u00e9les pottenbakken. De snelste manier om vooruitgang te maken in je keramiek vaardigheden. Voor beginners en gevorderden.","robots":{"index":"index","follow":"follow","max-snippet":"max-snippet:-1","max-image-preview":"max-image-preview:large","max-video-preview":"max-video-preview:-1"},"canonical":"http:\/\/ethosceramics.com\/en\/shop\/priveles-pottenbakken-1-uur-sessie-kopie\/","og_locale":"en_US","og_type":"article","og_title":"priv\u00e9les pottenbakken - 1 uur sessie - ethos ceramics","og_description":"Boek priv\u00e9les pottenbakken. De snelste manier om vooruitgang te maken in je keramiek vaardigheden. Voor beginners en gevorderden.","og_url":"http:\/\/ethosceramics.com\/en\/shop\/priveles-pottenbakken-1-uur-sessie-kopie\/","og_site_name":"ethos ceramics","article_modified_time":"2024-12-31T12:37:33+00:00","og_image":[{"width":1080,"height":1080,"url":"https:\/\/ethosceramics.com\/wp-content\/uploads\/2024\/03\/priveles-pottenbakken-1uur.png","type":"image\/png"}],"twitter_card":"summary_large_image","twitter_misc":{"Est. reading time":"2 minutes"},"schema":{"@context":"https:\/\/schema.org","@graph":[{"@type":"WebPage","@id":"https:\/\/ethosceramics.com\/shop\/priveles-pottenbakken-1-uur-sessie-kopie\/","url":"https:\/\/ethosceramics.com\/shop\/priveles-pottenbakken-1-uur-sessie-kopie\/","name":"priv\u00e9les pottenbakken - 1 uur sessie - ethos ceramics","isPartOf":{"@id":"https:\/\/ethosceramics.com\/#website"},"primaryImageOfPage":{"@id":"https:\/\/ethosceramics.com\/shop\/priveles-pottenbakken-1-uur-sessie-kopie\/#primaryimage"},"image":{"@id":"https:\/\/ethosceramics.com\/shop\/priveles-pottenbakken-1-uur-sessie-kopie\/#primaryimage"},"thumbnailUrl":"https:\/\/ethosceramics.com\/wp-content\/uploads\/2024\/03\/priveles-pottenbakken-1uur.png","datePublished":"2024-03-05T09:54:37+00:00","dateModified":"2024-12-31T12:37:33+00:00","description":"Boek priv\u00e9les pottenbakken. De snelste manier om vooruitgang te maken in je keramiek vaardigheden. Voor beginners en gevorderden.","breadcrumb":{"@id":"https:\/\/ethosceramics.com\/shop\/priveles-pottenbakken-1-uur-sessie-kopie\/#breadcrumb"},"inLanguage":"en-US","potentialAction":[{"@type":"ReadAction","target":["https:\/\/ethosceramics.com\/shop\/priveles-pottenbakken-1-uur-sessie-kopie\/"]}]},{"@type":"ImageObject","inLanguage":"en-US","@id":"https:\/\/ethosceramics.com\/shop\/priveles-pottenbakken-1-uur-sessie-kopie\/#primaryimage","url":"https:\/\/ethosceramics.com\/wp-content\/uploads\/2024\/03\/priveles-pottenbakken-1uur.png","contentUrl":"https:\/\/ethosceramics.com\/wp-content\/uploads\/2024\/03\/priveles-pottenbakken-1uur.png","width":1080,"height":1080},{"@type":"BreadcrumbList","@id":"https:\/\/ethosceramics.com\/shop\/priveles-pottenbakken-1-uur-sessie-kopie\/#breadcrumb","itemListElement":[{"@type":"ListItem","position":1,"name":"Home","item":"https:\/\/ethosceramics.com\/"},{"@type":"ListItem","position":2,"name":"webshop","item":"https:\/\/ethosceramics.com\/home\/shop\/"},{"@type":"ListItem","position":3,"name":"Workshops","item":"https:\/\/ethosceramics.com\/product-categorie\/workshops\/"},{"@type":"ListItem","position":4,"name":"priv\u00e9les pottenbakken &#8211; 1 uur sessie"}]},{"@type":"WebSite","@id":"https:\/\/ethosceramics.com\/#website","url":"https:\/\/ethosceramics.com\/","name":"ethos ceramics","description":"Handmade pottery and ceramics workshops","publisher":{"@id":"https:\/\/ethosceramics.com\/#organization"},"potentialAction":[{"@type":"SearchAction","target":{"@type":"EntryPoint","urlTemplate":"https:\/\/ethosceramics.com\/?s={search_term_string}"},"query-input":{"@type":"PropertyValueSpecification","valueRequired":true,"valueName":"search_term_string"}}],"inLanguage":"en-US"},{"@type":"Organization","@id":"https:\/\/ethosceramics.com\/#organization","name":"ethos ceramics","url":"https:\/\/ethosceramics.com\/","logo":{"@type":"ImageObject","inLanguage":"en-US","@id":"https:\/\/ethosceramics.com\/#\/schema\/logo\/image\/","url":"https:\/\/ethosceramics.com\/wp-content\/uploads\/2023\/02\/ethos-logo.svg","contentUrl":"https:\/\/ethosceramics.com\/wp-content\/uploads\/2023\/02\/ethos-logo.svg","caption":"ethos ceramics"},"image":{"@id":"https:\/\/ethosceramics.com\/#\/schema\/logo\/image\/"}}]}},"jetpack_sharing_enabled":true,"_links":{"self":[{"href":"http:\/\/ethosceramics.com\/en\/wp-json\/wp\/v2\/product\/3432","targetHints":{"allow":["GET"]}}],"collection":[{"href":"http:\/\/ethosceramics.com\/en\/wp-json\/wp\/v2\/product"}],"about":[{"href":"http:\/\/ethosceramics.com\/en\/wp-json\/wp\/v2\/types\/product"}],"wp:featuredmedia":[{"embeddable":true,"href":"http:\/\/ethosceramics.com\/en\/wp-json\/wp\/v2\/media\/3435"}],"wp:attachment":[{"href":"http:\/\/ethosceramics.com\/en\/wp-json\/wp\/v2\/media?parent=3432"}],"wp:term":[{"taxonomy":"product_brand","embeddable":true,"href":"http:\/\/ethosceramics.com\/en\/wp-json\/wp\/v2\/product_brand?post=3432"},{"taxonomy":"product_cat","embeddable":true,"href":"http:\/\/ethosceramics.com\/en\/wp-json\/wp\/v2\/product_cat?post=3432"},{"taxonomy":"product_tag","embeddable":true,"href":"http:\/\/ethosceramics.com\/en\/wp-json\/wp\/v2\/product_tag?post=3432"}],"curies":[{"name":"wp","href":"https:\/\/api.w.org\/{rel}","templated":true}]}}